{"id":1132,"date":"2023-10-02T20:20:49","date_gmt":"2023-10-02T20:20:49","guid":{"rendered":"https:\/\/maggiotraslados.com.ar\/?page_id=1132"},"modified":"2024-02-02T12:25:54","modified_gmt":"2024-02-02T12:25:54","slug":"tanatopraxia","status":"publish","type":"page","link":"https:\/\/maggiotraslados.com.ar\/index.php\/tanatopraxia\/","title":{"rendered":"Tanatopraxia"},"content":{"rendered":"\t\t<div data-elementor-type=\"wp-page\" data-elementor-id=\"1132\" class=\"elementor elementor-1132\">\n\t\t\t\t<div class=\"elementor-element elementor-element-40e2738 e-flex e-con-boxed e-con e-parent\" data-id=\"40e2738\" data-element_type=\"container\" data-settings=\"{&quot;content_width&quot;:&quot;boxed&quot;}\" data-core-v316-plus=\"true\">\n\t\t\t\t\t<div class=\"e-con-inner\">\n\t\t<div class=\"elementor-element elementor-element-a7b377b e-con-full e-flex e-con e-child\" data-id=\"a7b377b\" data-element_type=\"container\" data-settings=\"{&quot;content_width&quot;:&quot;full&quot;}\">\n\t\t\t\t<div class=\"elementor-element elementor-element-1cc9196 elementor-widget elementor-widget-heading\" data-id=\"1cc9196\" data-element_type=\"widget\" data-widget_type=\"heading.default\">\n\t\t\t\t<div class=\"elementor-widget-container\">\n\t\t\t<style>\/*! elementor - v3.19.0 - 29-01-2024 *\/\n.elementor-heading-title{padding:0;margin:0;line-height:1}.elementor-widget-heading .elementor-heading-title[class*=elementor-size-]>a{color:inherit;font-size:inherit;line-height:inherit}.elementor-widget-heading .elementor-heading-title.elementor-size-small{font-size:15px}.elementor-widget-heading .elementor-heading-title.elementor-size-medium{font-size:19px}.elementor-widget-heading .elementor-heading-title.elementor-size-large{font-size:29px}.elementor-widget-heading .elementor-heading-title.elementor-size-xl{font-size:39px}.elementor-widget-heading .elementor-heading-title.elementor-size-xxl{font-size:59px}<\/style><h2 class=\"elementor-heading-title elementor-size-default\">Tanatopraxia<\/h2>\t\t<\/div>\n\t\t\t\t<\/div>\n\t\t\t\t<div class=\"elementor-element elementor-element-caf732d elementor-widget elementor-widget-text-editor\" data-id=\"caf732d\" data-element_type=\"widget\" data-widget_type=\"text-editor.default\">\n\t\t\t\t<div class=\"elementor-widget-container\">\n\t\t\t<style>\/*! elementor - v3.19.0 - 29-01-2024 *\/\n.elementor-widget-text-editor.elementor-drop-cap-view-stacked .elementor-drop-cap{background-color:#69727d;color:#fff}.elementor-widget-text-editor.elementor-drop-cap-view-framed .elementor-drop-cap{color:#69727d;border:3px solid;background-color:transparent}.elementor-widget-text-editor:not(.elementor-drop-cap-view-default) .elementor-drop-cap{margin-top:8px}.elementor-widget-text-editor:not(.elementor-drop-cap-view-default) .elementor-drop-cap-letter{width:1em;height:1em}.elementor-widget-text-editor .elementor-drop-cap{float:left;text-align:center;line-height:1;font-size:50px}.elementor-widget-text-editor .elementor-drop-cap-letter{display:inline-block}<\/style>\t\t\t\t<p>Para las personas que nunca escucharon esta palabra puede resultar extra\u00f1a, la misma, se divide en dos , TANATO = CUERPO y PRAXIA = PRACTICAS ( practicas sobre el cuerpo ) y de origen Griego, pero no es nuestra intenci\u00f3n darles una explicaci\u00f3n cient\u00edfica.<\/p><p><strong>AQU\u00cd UN BREVE RESUMEN DE SUS BENEFICIOS:<\/strong><br \/>\u00bfQu\u00e9 autoridad la solicita? La TANATOPRAXIA para las REPATRIACIONES INTERNACIONALES es de car\u00e1cter obligatorio, para los Nacionales es a elecci\u00f3n de la familia. En que consiste \u00bf? En la desinfecci\u00f3n general del cuerpo, evitando perdidas de l\u00edquidos, malos olores, transmisi\u00f3n de enfermedades virosicas entre otras. \u00bfQui\u00e9n la realiza? Nuestros Tanatologos, MAGGIO TRASLADOS re\u00fane en su equipo de trabajo a los mejores Tanatologos de la Rep. Argentina.<\/p><p><strong>\u00bfCu\u00e1nto dura el tratamiento?<\/strong> Depende de varios factores a tener en cuenta, contextura corporal, causas de muerte, tiempo entre el fallecimiento y la realizaci\u00f3n del mismo, etc. \u00bfQue costo tiene? El costo es bajo en relaci\u00f3n al beneficio<br \/>que se obtiene. \u00bfCu\u00e1l es el beneficio que obtengo? Fundamentalmente es el de poder realizar el velatorio en el punto del pa\u00eds que sea necesario, sin imprevistos, malos olores, perdida de l\u00edquidos, como as\u00ed tambi\u00e9n evita el contagio de enfermedades, adem\u00e1s de una notable recuperaci\u00f3n del color natural y apariencia, haciendo posible que el desarrollo del duelo sea natural con el recuerdo de la persona tal cual como era en vida, pudiendo realizar el velatoriocon el F\u00e9retro descubierto.<\/p>\t\t\t\t\t\t<\/div>\n\t\t\t\t<\/div>\n\t\t\t\t<\/div>\n\t\t<div class=\"elementor-element elementor-element-c1a37a4 e-con-full e-flex e-con e-child\" data-id=\"c1a37a4\" data-element_type=\"container\" data-settings=\"{&quot;content_width&quot;:&quot;full&quot;}\">\n\t\t\t\t<div class=\"elementor-element elementor-element-c576374 elementor-widget elementor-widget-spacer\" data-id=\"c576374\" data-element_type=\"widget\" data-widget_type=\"spacer.default\">\n\t\t\t\t<div class=\"elementor-widget-container\">\n\t\t\t<style>\/*! elementor - v3.19.0 - 29-01-2024 *\/\n.elementor-column .elementor-spacer-inner{height:var(--spacer-size)}.e-con{--container-widget-width:100%}.e-con-inner>.elementor-widget-spacer,.e-con>.elementor-widget-spacer{width:var(--container-widget-width,var(--spacer-size));--align-self:var(--container-widget-align-self,initial);--flex-shrink:0}.e-con-inner>.elementor-widget-spacer>.elementor-widget-container,.e-con>.elementor-widget-spacer>.elementor-widget-container{height:100%;width:100%}.e-con-inner>.elementor-widget-spacer>.elementor-widget-container>.elementor-spacer,.e-con>.elementor-widget-spacer>.elementor-widget-container>.elementor-spacer{height:100%}.e-con-inner>.elementor-widget-spacer>.elementor-widget-container>.elementor-spacer>.elementor-spacer-inner,.e-con>.elementor-widget-spacer>.elementor-widget-container>.elementor-spacer>.elementor-spacer-inner{height:var(--container-widget-height,var(--spacer-size))}.e-con-inner>.elementor-widget-spacer.elementor-widget-empty,.e-con>.elementor-widget-spacer.elementor-widget-empty{position:relative;min-height:22px;min-width:22px}.e-con-inner>.elementor-widget-spacer.elementor-widget-empty .elementor-widget-empty-icon,.e-con>.elementor-widget-spacer.elementor-widget-empty .elementor-widget-empty-icon{position:absolute;top:0;bottom:0;left:0;right:0;margin:auto;padding:0;width:22px;height:22px}<\/style>\t\t<div class=\"elementor-spacer\">\n\t\t\t<div class=\"elementor-spacer-inner\"><\/div>\n\t\t<\/div>\n\t\t\t\t<\/div>\n\t\t\t\t<\/div>\n\t\t\t\t<div class=\"elementor-element elementor-element-5f202c0 elementor-widget elementor-widget-image\" data-id=\"5f202c0\" data-element_type=\"widget\" data-widget_type=\"image.default\">\n\t\t\t\t<div class=\"elementor-widget-container\">\n\t\t\t<style>\/*! elementor - v3.19.0 - 29-01-2024 *\/\n.elementor-widget-image{text-align:center}.elementor-widget-image a{display:inline-block}.elementor-widget-image a img[src$=\".svg\"]{width:48px}.elementor-widget-image img{vertical-align:middle;display:inline-block}<\/style>\t\t\t\t\t\t\t\t\t\t<img fetchpriority=\"high\" decoding=\"async\" width=\"300\" height=\"294\" src=\"https:\/\/maggiotraslados.com.ar\/wp-content\/uploads\/2024\/02\/tanatopraxia-.jpg\" class=\"attachment-large size-large wp-image-1488\" alt=\"\" \/>\t\t\t\t\t\t\t\t\t\t\t\t\t<\/div>\n\t\t\t\t<\/div>\n\t\t\t\t<\/div>\n\t\t\t\t\t<\/div>\n\t\t\t\t<\/div>\n\t\t<div class=\"elementor-element elementor-element-ebb1ed1 e-flex e-con-boxed e-con e-parent\" data-id=\"ebb1ed1\" data-element_type=\"container\" data-settings=\"{&quot;content_width&quot;:&quot;boxed&quot;}\" data-core-v316-plus=\"true\">\n\t\t\t\t\t<div class=\"e-con-inner\">\n\t\t\t\t\t<\/div>\n\t\t\t\t<\/div>\n\t\t\t\t<\/div>\n\t\t","protected":false},"excerpt":{"rendered":"<p>Tanatopraxia Para las personas que nunca escucharon esta palabra puede resultar extra\u00f1a, la misma, se divide en dos , TANATO = CUERPO y PRAXIA = PRACTICAS ( practicas sobre el cuerpo ) y de origen Griego, pero no es nuestra intenci\u00f3n darles una explicaci\u00f3n cient\u00edfica. AQU\u00cd UN BREVE RESUMEN DE SUS BENEFICIOS:\u00bfQu\u00e9 autoridad la solicita? &hellip;<\/p>\n<p class=\"read-more\"> <a class=\"\" href=\"https:\/\/maggiotraslados.com.ar\/index.php\/tanatopraxia\/\"> <span class=\"screen-reader-text\">Tanatopraxia<\/span> Read More &raquo;<\/a><\/p>\n","protected":false},"author":1,"featured_media":0,"parent":0,"menu_order":0,"comment_status":"closed","ping_status":"closed","template":"","meta":{"site-sidebar-layout":"no-sidebar","site-content-layout":"page-builder","ast-site-content-layout":"full-width-container","site-content-style":"default","site-sidebar-style":"default","ast-global-header-display":"","ast-banner-title-visibility":"","ast-main-header-display":"","ast-hfb-above-header-display":"","ast-hfb-below-header-display":"","ast-hfb-mobile-header-display":"","site-post-title":"disabled","ast-breadcrumbs-content":"","ast-featured-img":"disabled","footer-sml-layout":"","theme-transparent-header-meta":"","adv-header-id-meta":"","stick-header-meta":"","header-above-stick-meta":"","header-main-stick-meta":"","header-below-stick-meta":"","astra-migrate-meta-layouts":"set","footnotes":""},"yoast_head":"<!-- This site is optimized with the Yoast SEO plugin v21.9.1 - https:\/\/yoast.com\/wordpress\/plugins\/seo\/ -->\n<title>Tanatopraxia - Maggio Traslados<\/title>\n<meta name=\"robots\" content=\"index, follow, max-snippet:-1, max-image-preview:large, max-video-preview:-1\" \/>\n<link rel=\"canonical\" href=\"https:\/\/maggiotraslados.com.ar\/index.php\/tanatopraxia\/\" \/>\n<meta property=\"og:locale\" content=\"en_US\" \/>\n<meta property=\"og:type\" content=\"article\" \/>\n<meta property=\"og:title\" content=\"Tanatopraxia - Maggio Traslados\" \/>\n<meta property=\"og:description\" content=\"Tanatopraxia Para las personas que nunca escucharon esta palabra puede resultar extra\u00f1a, la misma, se divide en dos , TANATO = CUERPO y PRAXIA = PRACTICAS ( practicas sobre el cuerpo ) y de origen Griego, pero no es nuestra intenci\u00f3n darles una explicaci\u00f3n cient\u00edfica. AQU\u00cd UN BREVE RESUMEN DE SUS BENEFICIOS:\u00bfQu\u00e9 autoridad la solicita? &hellip; Tanatopraxia Read More &raquo;\" \/>\n<meta property=\"og:url\" content=\"https:\/\/maggiotraslados.com.ar\/index.php\/tanatopraxia\/\" \/>\n<meta property=\"og:site_name\" content=\"Maggio Traslados\" \/>\n<meta property=\"article:publisher\" content=\"https:\/\/www.facebook.com\/maggiotraslados\" \/>\n<meta property=\"article:modified_time\" content=\"2024-02-02T12:25:54+00:00\" \/>\n<meta property=\"og:image\" content=\"https:\/\/maggiotraslados.com.ar\/wp-content\/uploads\/2024\/02\/tanatopraxia-.jpg\" \/>\n<meta name=\"twitter:card\" content=\"summary_large_image\" \/>\n<meta name=\"twitter:label1\" content=\"Est. reading time\" \/>\n\t<meta name=\"twitter:data1\" content=\"1 minute\" \/>\n<script type=\"application\/ld+json\" class=\"yoast-schema-graph\">{\"@context\":\"https:\/\/schema.org\",\"@graph\":[{\"@type\":\"WebPage\",\"@id\":\"https:\/\/maggiotraslados.com.ar\/index.php\/tanatopraxia\/\",\"url\":\"https:\/\/maggiotraslados.com.ar\/index.php\/tanatopraxia\/\",\"name\":\"Tanatopraxia - Maggio Traslados\",\"isPartOf\":{\"@id\":\"https:\/\/maggiotraslados.com.ar\/#website\"},\"datePublished\":\"2023-10-02T20:20:49+00:00\",\"dateModified\":\"2024-02-02T12:25:54+00:00\",\"breadcrumb\":{\"@id\":\"https:\/\/maggiotraslados.com.ar\/index.php\/tanatopraxia\/#breadcrumb\"},\"inLanguage\":\"en-US\",\"potentialAction\":[{\"@type\":\"ReadAction\",\"target\":[\"https:\/\/maggiotraslados.com.ar\/index.php\/tanatopraxia\/\"]}]},{\"@type\":\"BreadcrumbList\",\"@id\":\"https:\/\/maggiotraslados.com.ar\/index.php\/tanatopraxia\/#breadcrumb\",\"itemListElement\":[{\"@type\":\"ListItem\",\"position\":1,\"name\":\"Home\",\"item\":\"https:\/\/maggiotraslados.com.ar\/\"},{\"@type\":\"ListItem\",\"position\":2,\"name\":\"Tanatopraxia\"}]},{\"@type\":\"WebSite\",\"@id\":\"https:\/\/maggiotraslados.com.ar\/#website\",\"url\":\"https:\/\/maggiotraslados.com.ar\/\",\"name\":\"Maggio Traslados\",\"description\":\"Realizamos el traslado de fallecidos de forma local e internacional\",\"publisher\":{\"@id\":\"https:\/\/maggiotraslados.com.ar\/#organization\"},\"alternateName\":\"Maggio\",\"potentialAction\":[{\"@type\":\"SearchAction\",\"target\":{\"@type\":\"EntryPoint\",\"urlTemplate\":\"https:\/\/maggiotraslados.com.ar\/?s={search_term_string}\"},\"query-input\":\"required name=search_term_string\"}],\"inLanguage\":\"en-US\"},{\"@type\":\"Organization\",\"@id\":\"https:\/\/maggiotraslados.com.ar\/#organization\",\"name\":\"Maggio Traslados\",\"url\":\"https:\/\/maggiotraslados.com.ar\/\",\"logo\":{\"@type\":\"ImageObject\",\"inLanguage\":\"en-US\",\"@id\":\"https:\/\/maggiotraslados.com.ar\/#\/schema\/logo\/image\/\",\"url\":\"https:\/\/maggiotraslados.com.ar\/wp-content\/uploads\/2023\/11\/cropped-LOGO-MAGGIO-blanco.png\",\"contentUrl\":\"https:\/\/maggiotraslados.com.ar\/wp-content\/uploads\/2023\/11\/cropped-LOGO-MAGGIO-blanco.png\",\"width\":1375,\"height\":521,\"caption\":\"Maggio Traslados\"},\"image\":{\"@id\":\"https:\/\/maggiotraslados.com.ar\/#\/schema\/logo\/image\/\"},\"sameAs\":[\"https:\/\/www.facebook.com\/maggiotraslados\",\"https:\/\/www.instagram.com\/maggiotraslados\/\"]}]}<\/script>\n<!-- \/ Yoast SEO plugin. -->","yoast_head_json":{"title":"Tanatopraxia - Maggio Traslados","robots":{"index":"index","follow":"follow","max-snippet":"max-snippet:-1","max-image-preview":"max-image-preview:large","max-video-preview":"max-video-preview:-1"},"canonical":"https:\/\/maggiotraslados.com.ar\/index.php\/tanatopraxia\/","og_locale":"en_US","og_type":"article","og_title":"Tanatopraxia - Maggio Traslados","og_description":"Tanatopraxia Para las personas que nunca escucharon esta palabra puede resultar extra\u00f1a, la misma, se divide en dos , TANATO = CUERPO y PRAXIA = PRACTICAS ( practicas sobre el cuerpo ) y de origen Griego, pero no es nuestra intenci\u00f3n darles una explicaci\u00f3n cient\u00edfica. AQU\u00cd UN BREVE RESUMEN DE SUS BENEFICIOS:\u00bfQu\u00e9 autoridad la solicita? &hellip; Tanatopraxia Read More &raquo;","og_url":"https:\/\/maggiotraslados.com.ar\/index.php\/tanatopraxia\/","og_site_name":"Maggio Traslados","article_publisher":"https:\/\/www.facebook.com\/maggiotraslados","article_modified_time":"2024-02-02T12:25:54+00:00","og_image":[{"url":"https:\/\/maggiotraslados.com.ar\/wp-content\/uploads\/2024\/02\/tanatopraxia-.jpg"}],"twitter_card":"summary_large_image","twitter_misc":{"Est. reading time":"1 minute"},"schema":{"@context":"https:\/\/schema.org","@graph":[{"@type":"WebPage","@id":"https:\/\/maggiotraslados.com.ar\/index.php\/tanatopraxia\/","url":"https:\/\/maggiotraslados.com.ar\/index.php\/tanatopraxia\/","name":"Tanatopraxia - Maggio Traslados","isPartOf":{"@id":"https:\/\/maggiotraslados.com.ar\/#website"},"datePublished":"2023-10-02T20:20:49+00:00","dateModified":"2024-02-02T12:25:54+00:00","breadcrumb":{"@id":"https:\/\/maggiotraslados.com.ar\/index.php\/tanatopraxia\/#breadcrumb"},"inLanguage":"en-US","potentialAction":[{"@type":"ReadAction","target":["https:\/\/maggiotraslados.com.ar\/index.php\/tanatopraxia\/"]}]},{"@type":"BreadcrumbList","@id":"https:\/\/maggiotraslados.com.ar\/index.php\/tanatopraxia\/#breadcrumb","itemListElement":[{"@type":"ListItem","position":1,"name":"Home","item":"https:\/\/maggiotraslados.com.ar\/"},{"@type":"ListItem","position":2,"name":"Tanatopraxia"}]},{"@type":"WebSite","@id":"https:\/\/maggiotraslados.com.ar\/#website","url":"https:\/\/maggiotraslados.com.ar\/","name":"Maggio Traslados","description":"Realizamos el traslado de fallecidos de forma local e internacional","publisher":{"@id":"https:\/\/maggiotraslados.com.ar\/#organization"},"alternateName":"Maggio","potentialAction":[{"@type":"SearchAction","target":{"@type":"EntryPoint","urlTemplate":"https:\/\/maggiotraslados.com.ar\/?s={search_term_string}"},"query-input":"required name=search_term_string"}],"inLanguage":"en-US"},{"@type":"Organization","@id":"https:\/\/maggiotraslados.com.ar\/#organization","name":"Maggio Traslados","url":"https:\/\/maggiotraslados.com.ar\/","logo":{"@type":"ImageObject","inLanguage":"en-US","@id":"https:\/\/maggiotraslados.com.ar\/#\/schema\/logo\/image\/","url":"https:\/\/maggiotraslados.com.ar\/wp-content\/uploads\/2023\/11\/cropped-LOGO-MAGGIO-blanco.png","contentUrl":"https:\/\/maggiotraslados.com.ar\/wp-content\/uploads\/2023\/11\/cropped-LOGO-MAGGIO-blanco.png","width":1375,"height":521,"caption":"Maggio Traslados"},"image":{"@id":"https:\/\/maggiotraslados.com.ar\/#\/schema\/logo\/image\/"},"sameAs":["https:\/\/www.facebook.com\/maggiotraslados","https:\/\/www.instagram.com\/maggiotraslados\/"]}]}},"_links":{"self":[{"href":"https:\/\/maggiotraslados.com.ar\/index.php\/wp-json\/wp\/v2\/pages\/1132"}],"collection":[{"href":"https:\/\/maggiotraslados.com.ar\/index.php\/wp-json\/wp\/v2\/pages"}],"about":[{"href":"https:\/\/maggiotraslados.com.ar\/index.php\/wp-json\/wp\/v2\/types\/page"}],"author":[{"embeddable":true,"href":"https:\/\/maggiotraslados.com.ar\/index.php\/wp-json\/wp\/v2\/users\/1"}],"replies":[{"embeddable":true,"href":"https:\/\/maggiotraslados.com.ar\/index.php\/wp-json\/wp\/v2\/comments?post=1132"}],"version-history":[{"count":25,"href":"https:\/\/maggiotraslados.com.ar\/index.php\/wp-json\/wp\/v2\/pages\/1132\/revisions"}],"predecessor-version":[{"id":1510,"href":"https:\/\/maggiotraslados.com.ar\/index.php\/wp-json\/wp\/v2\/pages\/1132\/revisions\/1510"}],"wp:attachment":[{"href":"https:\/\/maggiotraslados.com.ar\/index.php\/wp-json\/wp\/v2\/media?parent=1132"}],"curies":[{"name":"wp","href":"https:\/\/api.w.org\/{rel}","templated":true}]}}