{"id":1127,"date":"2023-10-02T20:20:13","date_gmt":"2023-10-02T20:20:13","guid":{"rendered":"https:\/\/maggiotraslados.com.ar\/?page_id=1127"},"modified":"2023-11-03T15:55:52","modified_gmt":"2023-11-03T15:55:52","slug":"repatriaciones-internacionales","status":"publish","type":"page","link":"https:\/\/maggiotraslados.com.ar\/index.php\/repatriaciones-internacionales\/","title":{"rendered":"Repatriaciones Internacionales"},"content":{"rendered":"\t\t<div data-elementor-type=\"wp-page\" data-elementor-id=\"1127\" class=\"elementor elementor-1127\">\n\t\t\t\t<div class=\"elementor-element elementor-element-04c3b7a e-flex e-con-boxed e-con e-parent\" data-id=\"04c3b7a\" data-element_type=\"container\" data-settings=\"{&quot;content_width&quot;:&quot;boxed&quot;}\" data-core-v316-plus=\"true\">\n\t\t\t\t\t<div class=\"e-con-inner\">\n\t\t<div class=\"elementor-element elementor-element-73653e4 e-con-full e-flex e-con e-child\" data-id=\"73653e4\" data-element_type=\"container\" data-settings=\"{&quot;content_width&quot;:&quot;full&quot;}\">\n\t\t\t\t<div class=\"elementor-element elementor-element-379d1e8 elementor-widget elementor-widget-heading\" data-id=\"379d1e8\" data-element_type=\"widget\" data-widget_type=\"heading.default\">\n\t\t\t\t<div class=\"elementor-widget-container\">\n\t\t\t<style>\/*! elementor - v3.19.0 - 29-01-2024 *\/\n.elementor-heading-title{padding:0;margin:0;line-height:1}.elementor-widget-heading .elementor-heading-title[class*=elementor-size-]>a{color:inherit;font-size:inherit;line-height:inherit}.elementor-widget-heading .elementor-heading-title.elementor-size-small{font-size:15px}.elementor-widget-heading .elementor-heading-title.elementor-size-medium{font-size:19px}.elementor-widget-heading .elementor-heading-title.elementor-size-large{font-size:29px}.elementor-widget-heading .elementor-heading-title.elementor-size-xl{font-size:39px}.elementor-widget-heading .elementor-heading-title.elementor-size-xxl{font-size:59px}<\/style><h2 class=\"elementor-heading-title elementor-size-default\">Traslados Internacionales<\/h2>\t\t<\/div>\n\t\t\t\t<\/div>\n\t\t\t\t<div class=\"elementor-element elementor-element-516f082 elementor-widget elementor-widget-text-editor\" data-id=\"516f082\" data-element_type=\"widget\" data-widget_type=\"text-editor.default\">\n\t\t\t\t<div class=\"elementor-widget-container\">\n\t\t\t<style>\/*! elementor - v3.19.0 - 29-01-2024 *\/\n.elementor-widget-text-editor.elementor-drop-cap-view-stacked .elementor-drop-cap{background-color:#69727d;color:#fff}.elementor-widget-text-editor.elementor-drop-cap-view-framed .elementor-drop-cap{color:#69727d;border:3px solid;background-color:transparent}.elementor-widget-text-editor:not(.elementor-drop-cap-view-default) .elementor-drop-cap{margin-top:8px}.elementor-widget-text-editor:not(.elementor-drop-cap-view-default) .elementor-drop-cap-letter{width:1em;height:1em}.elementor-widget-text-editor .elementor-drop-cap{float:left;text-align:center;line-height:1;font-size:50px}.elementor-widget-text-editor .elementor-drop-cap-letter{display:inline-block}<\/style>\t\t\t\t<p>A diferencia de los TRASLADOS NACIONALES, que solo requieren autorizaci\u00f3n del registro de las personas de la localidad donde fallecen, se le suman una serie importante de obligaciones gubernamentales, como por ejemplo: Autorizaciones, legalizaciones consulares y ministeriales, traducci\u00f3n de idioma a toda la documentaci\u00f3n, TANATOPRAXIA, etc., y todo lo que contempla un traslado internacional, sumando a todo eso las normativas propias de cada Pa\u00eds de destino. <br \/><br \/>El beneficio de esta pr\u00e1ctica es el poder llevar a su Pa\u00eds de origen a nuestro ser querido, dando as\u00ed el comienzo al duelo y que el mismo no se transforme en una experiencia traum\u00e1tica, evitando tr\u00e1mites engorrosos y no deseados de hacer bajo las circunstancias que les est\u00e1 tocando transitar y sobre todo que esa familia que espera a su ser querido en cualquier parte del mundo podamos alivianarle el dolor cumpliendo en tiempo y forma con lo pactado.<\/p>\t\t\t\t\t\t<\/div>\n\t\t\t\t<\/div>\n\t\t\t\t<div class=\"elementor-element elementor-element-3fe136a elementor-widget elementor-widget-spacer\" data-id=\"3fe136a\" data-element_type=\"widget\" data-widget_type=\"spacer.default\">\n\t\t\t\t<div class=\"elementor-widget-container\">\n\t\t\t<style>\/*! elementor - v3.19.0 - 29-01-2024 *\/\n.elementor-column .elementor-spacer-inner{height:var(--spacer-size)}.e-con{--container-widget-width:100%}.e-con-inner>.elementor-widget-spacer,.e-con>.elementor-widget-spacer{width:var(--container-widget-width,var(--spacer-size));--align-self:var(--container-widget-align-self,initial);--flex-shrink:0}.e-con-inner>.elementor-widget-spacer>.elementor-widget-container,.e-con>.elementor-widget-spacer>.elementor-widget-container{height:100%;width:100%}.e-con-inner>.elementor-widget-spacer>.elementor-widget-container>.elementor-spacer,.e-con>.elementor-widget-spacer>.elementor-widget-container>.elementor-spacer{height:100%}.e-con-inner>.elementor-widget-spacer>.elementor-widget-container>.elementor-spacer>.elementor-spacer-inner,.e-con>.elementor-widget-spacer>.elementor-widget-container>.elementor-spacer>.elementor-spacer-inner{height:var(--container-widget-height,var(--spacer-size))}.e-con-inner>.elementor-widget-spacer.elementor-widget-empty,.e-con>.elementor-widget-spacer.elementor-widget-empty{position:relative;min-height:22px;min-width:22px}.e-con-inner>.elementor-widget-spacer.elementor-widget-empty .elementor-widget-empty-icon,.e-con>.elementor-widget-spacer.elementor-widget-empty .elementor-widget-empty-icon{position:absolute;top:0;bottom:0;left:0;right:0;margin:auto;padding:0;width:22px;height:22px}<\/style>\t\t<div class=\"elementor-spacer\">\n\t\t\t<div class=\"elementor-spacer-inner\"><\/div>\n\t\t<\/div>\n\t\t\t\t<\/div>\n\t\t\t\t<\/div>\n\t\t\t\t<\/div>\n\t\t<div class=\"elementor-element elementor-element-d936537 e-con-full e-flex e-con e-child\" data-id=\"d936537\" data-element_type=\"container\" data-settings=\"{&quot;content_width&quot;:&quot;full&quot;}\">\n\t\t\t\t<div class=\"elementor-element elementor-element-a86a6bd elementor-widget elementor-widget-image\" data-id=\"a86a6bd\" data-element_type=\"widget\" data-widget_type=\"image.default\">\n\t\t\t\t<div class=\"elementor-widget-container\">\n\t\t\t<style>\/*! elementor - v3.19.0 - 29-01-2024 *\/\n.elementor-widget-image{text-align:center}.elementor-widget-image a{display:inline-block}.elementor-widget-image a img[src$=\".svg\"]{width:48px}.elementor-widget-image img{vertical-align:middle;display:inline-block}<\/style>\t\t\t\t\t\t\t\t\t\t<img fetchpriority=\"high\" decoding=\"async\" width=\"889\" height=\"1024\" src=\"https:\/\/maggiotraslados.com.ar\/wp-content\/uploads\/2023\/11\/TRASLADOS-INTERNACIONALES-889x1024.jpg\" class=\"attachment-large size-large wp-image-1340\" alt=\"\" srcset=\"https:\/\/maggiotraslados.com.ar\/wp-content\/uploads\/2023\/11\/TRASLADOS-INTERNACIONALES-889x1024.jpg 889w, https:\/\/maggiotraslados.com.ar\/wp-content\/uploads\/2023\/11\/TRASLADOS-INTERNACIONALES-260x300.jpg 260w, https:\/\/maggiotraslados.com.ar\/wp-content\/uploads\/2023\/11\/TRASLADOS-INTERNACIONALES-768x885.jpg 768w, https:\/\/maggiotraslados.com.ar\/wp-content\/uploads\/2023\/11\/TRASLADOS-INTERNACIONALES-1333x1536.jpg 1333w, https:\/\/maggiotraslados.com.ar\/wp-content\/uploads\/2023\/11\/TRASLADOS-INTERNACIONALES-1777x2048.jpg 1777w\" sizes=\"(max-width: 889px) 100vw, 889px\" \/>\t\t\t\t\t\t\t\t\t\t\t\t\t<\/div>\n\t\t\t\t<\/div>\n\t\t\t\t<\/div>\n\t\t\t\t\t<\/div>\n\t\t\t\t<\/div>\n\t\t\t\t<\/div>\n\t\t","protected":false},"excerpt":{"rendered":"<p>Traslados Internacionales A diferencia de los TRASLADOS NACIONALES, que solo requieren autorizaci\u00f3n del registro de las personas de la localidad donde fallecen, se le suman una serie importante de obligaciones gubernamentales, como por ejemplo: Autorizaciones, legalizaciones consulares y ministeriales, traducci\u00f3n de idioma a toda la documentaci\u00f3n, TANATOPRAXIA, etc., y todo lo que contempla un traslado &hellip;<\/p>\n<p class=\"read-more\"> <a class=\"\" href=\"https:\/\/maggiotraslados.com.ar\/index.php\/repatriaciones-internacionales\/\"> <span class=\"screen-reader-text\">Repatriaciones Internacionales<\/span> Read More &raquo;<\/a><\/p>\n","protected":false},"author":1,"featured_media":0,"parent":0,"menu_order":0,"comment_status":"closed","ping_status":"closed","template":"","meta":{"site-sidebar-layout":"no-sidebar","site-content-layout":"page-builder","ast-site-content-layout":"full-width-container","site-content-style":"default","site-sidebar-style":"default","ast-global-header-display":"","ast-banner-title-visibility":"","ast-main-header-display":"","ast-hfb-above-header-display":"","ast-hfb-below-header-display":"","ast-hfb-mobile-header-display":"","site-post-title":"disabled","ast-breadcrumbs-content":"","ast-featured-img":"disabled","footer-sml-layout":"","theme-transparent-header-meta":"","adv-header-id-meta":"","stick-header-meta":"","header-above-stick-meta":"","header-main-stick-meta":"","header-below-stick-meta":"","astra-migrate-meta-layouts":"set","footnotes":""},"yoast_head":"<!-- This site is optimized with the Yoast SEO plugin v21.9.1 - https:\/\/yoast.com\/wordpress\/plugins\/seo\/ -->\n<title>Repatriaciones Internacionales - Maggio Traslados<\/title>\n<meta name=\"robots\" content=\"index, follow, max-snippet:-1, max-image-preview:large, max-video-preview:-1\" \/>\n<link rel=\"canonical\" href=\"https:\/\/maggiotraslados.com.ar\/index.php\/repatriaciones-internacionales\/\" \/>\n<meta property=\"og:locale\" content=\"en_US\" \/>\n<meta property=\"og:type\" content=\"article\" \/>\n<meta property=\"og:title\" content=\"Repatriaciones Internacionales - Maggio Traslados\" \/>\n<meta property=\"og:description\" content=\"Traslados Internacionales A diferencia de los TRASLADOS NACIONALES, que solo requieren autorizaci\u00f3n del registro de las personas de la localidad donde fallecen, se le suman una serie importante de obligaciones gubernamentales, como por ejemplo: Autorizaciones, legalizaciones consulares y ministeriales, traducci\u00f3n de idioma a toda la documentaci\u00f3n, TANATOPRAXIA, etc., y todo lo que contempla un traslado &hellip; Repatriaciones Internacionales Read More &raquo;\" \/>\n<meta property=\"og:url\" content=\"https:\/\/maggiotraslados.com.ar\/index.php\/repatriaciones-internacionales\/\" \/>\n<meta property=\"og:site_name\" content=\"Maggio Traslados\" \/>\n<meta property=\"article:publisher\" content=\"https:\/\/www.facebook.com\/maggiotraslados\" \/>\n<meta property=\"article:modified_time\" content=\"2023-11-03T15:55:52+00:00\" \/>\n<meta property=\"og:image\" content=\"https:\/\/maggiotraslados.com.ar\/wp-content\/uploads\/2023\/11\/TRASLADOS-INTERNACIONALES-889x1024.jpg\" \/>\n<meta name=\"twitter:card\" content=\"summary_large_image\" \/>\n<meta name=\"twitter:label1\" content=\"Est. reading time\" \/>\n\t<meta name=\"twitter:data1\" content=\"1 minute\" \/>\n<script type=\"application\/ld+json\" class=\"yoast-schema-graph\">{\"@context\":\"https:\/\/schema.org\",\"@graph\":[{\"@type\":\"WebPage\",\"@id\":\"https:\/\/maggiotraslados.com.ar\/index.php\/repatriaciones-internacionales\/\",\"url\":\"https:\/\/maggiotraslados.com.ar\/index.php\/repatriaciones-internacionales\/\",\"name\":\"Repatriaciones Internacionales - Maggio Traslados\",\"isPartOf\":{\"@id\":\"https:\/\/maggiotraslados.com.ar\/#website\"},\"datePublished\":\"2023-10-02T20:20:13+00:00\",\"dateModified\":\"2023-11-03T15:55:52+00:00\",\"breadcrumb\":{\"@id\":\"https:\/\/maggiotraslados.com.ar\/index.php\/repatriaciones-internacionales\/#breadcrumb\"},\"inLanguage\":\"en-US\",\"potentialAction\":[{\"@type\":\"ReadAction\",\"target\":[\"https:\/\/maggiotraslados.com.ar\/index.php\/repatriaciones-internacionales\/\"]}]},{\"@type\":\"BreadcrumbList\",\"@id\":\"https:\/\/maggiotraslados.com.ar\/index.php\/repatriaciones-internacionales\/#breadcrumb\",\"itemListElement\":[{\"@type\":\"ListItem\",\"position\":1,\"name\":\"Home\",\"item\":\"https:\/\/maggiotraslados.com.ar\/\"},{\"@type\":\"ListItem\",\"position\":2,\"name\":\"Repatriaciones Internacionales\"}]},{\"@type\":\"WebSite\",\"@id\":\"https:\/\/maggiotraslados.com.ar\/#website\",\"url\":\"https:\/\/maggiotraslados.com.ar\/\",\"name\":\"Maggio Traslados\",\"description\":\"Realizamos el traslado de fallecidos de forma local e internacional\",\"publisher\":{\"@id\":\"https:\/\/maggiotraslados.com.ar\/#organization\"},\"alternateName\":\"Maggio\",\"potentialAction\":[{\"@type\":\"SearchAction\",\"target\":{\"@type\":\"EntryPoint\",\"urlTemplate\":\"https:\/\/maggiotraslados.com.ar\/?s={search_term_string}\"},\"query-input\":\"required name=search_term_string\"}],\"inLanguage\":\"en-US\"},{\"@type\":\"Organization\",\"@id\":\"https:\/\/maggiotraslados.com.ar\/#organization\",\"name\":\"Maggio Traslados\",\"url\":\"https:\/\/maggiotraslados.com.ar\/\",\"logo\":{\"@type\":\"ImageObject\",\"inLanguage\":\"en-US\",\"@id\":\"https:\/\/maggiotraslados.com.ar\/#\/schema\/logo\/image\/\",\"url\":\"https:\/\/maggiotraslados.com.ar\/wp-content\/uploads\/2023\/11\/cropped-LOGO-MAGGIO-blanco.png\",\"contentUrl\":\"https:\/\/maggiotraslados.com.ar\/wp-content\/uploads\/2023\/11\/cropped-LOGO-MAGGIO-blanco.png\",\"width\":1375,\"height\":521,\"caption\":\"Maggio Traslados\"},\"image\":{\"@id\":\"https:\/\/maggiotraslados.com.ar\/#\/schema\/logo\/image\/\"},\"sameAs\":[\"https:\/\/www.facebook.com\/maggiotraslados\",\"https:\/\/www.instagram.com\/maggiotraslados\/\"]}]}<\/script>\n<!-- \/ Yoast SEO plugin. -->","yoast_head_json":{"title":"Repatriaciones Internacionales - Maggio Traslados","robots":{"index":"index","follow":"follow","max-snippet":"max-snippet:-1","max-image-preview":"max-image-preview:large","max-video-preview":"max-video-preview:-1"},"canonical":"https:\/\/maggiotraslados.com.ar\/index.php\/repatriaciones-internacionales\/","og_locale":"en_US","og_type":"article","og_title":"Repatriaciones Internacionales - Maggio Traslados","og_description":"Traslados Internacionales A diferencia de los TRASLADOS NACIONALES, que solo requieren autorizaci\u00f3n del registro de las personas de la localidad donde fallecen, se le suman una serie importante de obligaciones gubernamentales, como por ejemplo: Autorizaciones, legalizaciones consulares y ministeriales, traducci\u00f3n de idioma a toda la documentaci\u00f3n, TANATOPRAXIA, etc., y todo lo que contempla un traslado &hellip; Repatriaciones Internacionales Read More &raquo;","og_url":"https:\/\/maggiotraslados.com.ar\/index.php\/repatriaciones-internacionales\/","og_site_name":"Maggio Traslados","article_publisher":"https:\/\/www.facebook.com\/maggiotraslados","article_modified_time":"2023-11-03T15:55:52+00:00","og_image":[{"url":"https:\/\/maggiotraslados.com.ar\/wp-content\/uploads\/2023\/11\/TRASLADOS-INTERNACIONALES-889x1024.jpg"}],"twitter_card":"summary_large_image","twitter_misc":{"Est. reading time":"1 minute"},"schema":{"@context":"https:\/\/schema.org","@graph":[{"@type":"WebPage","@id":"https:\/\/maggiotraslados.com.ar\/index.php\/repatriaciones-internacionales\/","url":"https:\/\/maggiotraslados.com.ar\/index.php\/repatriaciones-internacionales\/","name":"Repatriaciones Internacionales - Maggio Traslados","isPartOf":{"@id":"https:\/\/maggiotraslados.com.ar\/#website"},"datePublished":"2023-10-02T20:20:13+00:00","dateModified":"2023-11-03T15:55:52+00:00","breadcrumb":{"@id":"https:\/\/maggiotraslados.com.ar\/index.php\/repatriaciones-internacionales\/#breadcrumb"},"inLanguage":"en-US","potentialAction":[{"@type":"ReadAction","target":["https:\/\/maggiotraslados.com.ar\/index.php\/repatriaciones-internacionales\/"]}]},{"@type":"BreadcrumbList","@id":"https:\/\/maggiotraslados.com.ar\/index.php\/repatriaciones-internacionales\/#breadcrumb","itemListElement":[{"@type":"ListItem","position":1,"name":"Home","item":"https:\/\/maggiotraslados.com.ar\/"},{"@type":"ListItem","position":2,"name":"Repatriaciones Internacionales"}]},{"@type":"WebSite","@id":"https:\/\/maggiotraslados.com.ar\/#website","url":"https:\/\/maggiotraslados.com.ar\/","name":"Maggio Traslados","description":"Realizamos el traslado de fallecidos de forma local e internacional","publisher":{"@id":"https:\/\/maggiotraslados.com.ar\/#organization"},"alternateName":"Maggio","potentialAction":[{"@type":"SearchAction","target":{"@type":"EntryPoint","urlTemplate":"https:\/\/maggiotraslados.com.ar\/?s={search_term_string}"},"query-input":"required name=search_term_string"}],"inLanguage":"en-US"},{"@type":"Organization","@id":"https:\/\/maggiotraslados.com.ar\/#organization","name":"Maggio Traslados","url":"https:\/\/maggiotraslados.com.ar\/","logo":{"@type":"ImageObject","inLanguage":"en-US","@id":"https:\/\/maggiotraslados.com.ar\/#\/schema\/logo\/image\/","url":"https:\/\/maggiotraslados.com.ar\/wp-content\/uploads\/2023\/11\/cropped-LOGO-MAGGIO-blanco.png","contentUrl":"https:\/\/maggiotraslados.com.ar\/wp-content\/uploads\/2023\/11\/cropped-LOGO-MAGGIO-blanco.png","width":1375,"height":521,"caption":"Maggio Traslados"},"image":{"@id":"https:\/\/maggiotraslados.com.ar\/#\/schema\/logo\/image\/"},"sameAs":["https:\/\/www.facebook.com\/maggiotraslados","https:\/\/www.instagram.com\/maggiotraslados\/"]}]}},"_links":{"self":[{"href":"https:\/\/maggiotraslados.com.ar\/index.php\/wp-json\/wp\/v2\/pages\/1127"}],"collection":[{"href":"https:\/\/maggiotraslados.com.ar\/index.php\/wp-json\/wp\/v2\/pages"}],"about":[{"href":"https:\/\/maggiotraslados.com.ar\/index.php\/wp-json\/wp\/v2\/types\/page"}],"author":[{"embeddable":true,"href":"https:\/\/maggiotraslados.com.ar\/index.php\/wp-json\/wp\/v2\/users\/1"}],"replies":[{"embeddable":true,"href":"https:\/\/maggiotraslados.com.ar\/index.php\/wp-json\/wp\/v2\/comments?post=1127"}],"version-history":[{"count":16,"href":"https:\/\/maggiotraslados.com.ar\/index.php\/wp-json\/wp\/v2\/pages\/1127\/revisions"}],"predecessor-version":[{"id":1405,"href":"https:\/\/maggiotraslados.com.ar\/index.php\/wp-json\/wp\/v2\/pages\/1127\/revisions\/1405"}],"wp:attachment":[{"href":"https:\/\/maggiotraslados.com.ar\/index.php\/wp-json\/wp\/v2\/media?parent=1127"}],"curies":[{"name":"wp","href":"https:\/\/api.w.org\/{rel}","templated":true}]}}